{"id":167,"date":"2018-12-10T17:33:56","date_gmt":"2018-12-10T17:33:56","guid":{"rendered":"http:\/\/koenigfinance.ch\/?page_id=167"},"modified":"2018-12-13T17:36:32","modified_gmt":"2018-12-13T16:36:32","slug":"strukturierte-produkte","status":"publish","type":"page","link":"https:\/\/koenigfinance.ch\/de\/strukturierte-produkte\/","title":{"rendered":"Strukturierte Produkte"},"content":{"rendered":"<div class=\"wpb-content-wrapper\"><p>[vc_row][vc_column width=&#8220;2\/3&#8243;][vc_column_text css_animation=&#8220;fadeInLeft&#8220;]<\/p>\n<h2>Was sind Strukturierte Produkte?<\/h2>\n<p align=\"left\">Strukturierte Produkte sind moderne Anlageinstrumente, die sich durch ein hohes Ma\u00df an Flexibilit\u00e4t und Innovation auszeichnen. Strukturierte Produkte stellen eine attraktive Alternative zu den klassischen, direkten Finanzanlagen (wie Wertpapiere, W\u00e4hrungen, Edelmetalle, etc.) dar. Die besondere St\u00e4rke Strukturierter Produkte liegt in der individuellen Anpassungsf\u00e4higkeit f\u00fcr jedes Risikoprofil des Anlegers und in der M\u00f6glichkeit eine entsprechende Anlagel\u00f6sung auch in anspruchsvollen Marktumfeldern zu finden.<\/p>\n<p align=\"left\">Strukturierte Produkte erm\u00f6glichen dem Anleger einen erleichterten Zugang zu M\u00e4rkten, die von Hause aus eher den institutionellen Anlegern vorbehalten waren.<\/p>\n<p align=\"left\">Rechtlich gesehen sind Strukturierte Produkte meist Inhaberschuldverschreibungen. Der Emittent dieser Papiere haftet dabei mit seinem ganzen Verm\u00f6gen f\u00fcr deren Erf\u00fcllung. Insofern ist die Bonit\u00e4t des Emittenten ein Qualit\u00e4tsmerkmal f\u00fcr ein Strukturiertes Produkt.<\/p>\n<p>[\/vc_column_text][\/vc_column][vc_column width=&#8220;1\/3&#8243;][vc_single_image image=&#8220;168&#8243; img_size=&#8220;full&#8220; alignment=&#8220;right&#8220; css_animation=&#8220;fadeInRight&#8220;][\/vc_column][\/vc_row][vc_row][vc_column width=&#8220;1\/4&#8243;][vc_single_image image=&#8220;170&#8243; img_size=&#8220;full&#8220; alignment=&#8220;right&#8220; css_animation=&#8220;fadeInLeft&#8220;][\/vc_column][vc_column width=&#8220;3\/4&#8243;][vc_column_text css_animation=&#8220;fadeInRight&#8220;]<\/p>\n<h2>Bedeutung Strukturierter Produkte<\/h2>\n<p align=\"left\">\u00dcber die letzten Jahre haben sich Strukturierte Produkte als Anlageinstrumente in der Schweiz etabliert. Die Schweiz kann heute als die f\u00fchrende Nation im Bereich der Strukturierten Produkte angesehen werden. Zwischenzeitlich existieren \u00fcber 20 verschiedene Produkttypen Strukturierten Produkten mit verschiedensten Auspr\u00e4gungen. Die innovative Kraft am Finanzplatz Schweiz findet international hohe Anerkennung und wird sowohl von institutionellen als auch von privaten Investoren sehr gesch\u00e4tzt. Das tr\u00e4gt enorm zum Ansehen und zur Attraktivit\u00e4t des Finanzplatzes Schweiz bei.<\/p>\n<p align=\"left\">Strukturierte Produkte besitzen jedoch auch eine enorme volkswirtschaftliche Relevanz. Durch Strukturierte Produkte werden Eigen- und Fremdkapital f\u00fcr Unternehmen im Schweizer Kapitalmarkt zur Verf\u00fcgung gestellt. Nach Angaben der Schweizerischen Nationalbank werden derzeit etwa CHF 190 Mrd. in Strukturierten Produkten gemanagt, was rund 5 Prozent der in der Schweiz verwalteten Verm\u00f6genswerte entspricht. Aber auch der Arbeitsmarkt wird durch diese Produktklasse belebt. So finden im Bereich Strukturierter Produkte derzeit direkt und indirekt \u00fcber 3000 hochqualifizierte Arbeitskr\u00e4fte ihren Erwerb.<\/p>\n<p>[\/vc_column_text][\/vc_column][\/vc_row][vc_row][vc_column width=&#8220;2\/3&#8243;][vc_column_text css_animation=&#8220;fadeInLeft&#8220;]<\/p>\n<h2>Vorteile von Strukturierten Produkten<\/h2>\n<p align=\"left\">Strukturierte Produkte bieten eine Vielzahl von M\u00f6glichkeiten. Basierend auf das individuelle Risikoprofil des Anlegers k\u00f6nnen sozusagen ma\u00dfgeschneiderte Portfolios erstellt werden, die dem Anleger f\u00fcr jedes Marktszenario ein geeignetes Auszahlungsprofil gew\u00e4hrleisten. Mit Strukturierten Produkten ist es m\u00f6glich, sowohl von steigenden, fallenden aber auch sich seitw\u00e4rts bewegenden M\u00e4rkten zu profitieren und attraktive Renditen zu erwirtschaften.<\/p>\n<p align=\"left\">Auch das Risikomanagement ist mit Strukturierten Produkten sehr vielseitig. Von L\u00f6sungen mit Kapitalschutz f\u00fcr sicherheitsorientierte Anleger bis zu Varianten mit Hebeln f\u00fcr risikobewusste Anleger, ist eine breite Palette von Absicherungsm\u00f6glichkeiten vorhanden.<\/p>\n<p align=\"left\">Die Basis f\u00fcr das Risikomanagement liefert das individuelle Risikoprofil des Anlegers. Deshalb ist es wichtig, dass neben einer fundierten Beratung durch den Emittenten auch eine klare und realistische Selbsteinsch\u00e4tzung des Anlegers von signifikanter Bedeutung ist.<\/p>\n<p>[\/vc_column_text][\/vc_column][vc_column width=&#8220;1\/3&#8243;][vc_single_image image=&#8220;173&#8243; img_size=&#8220;full&#8220; css_animation=&#8220;fadeInRight&#8220;][\/vc_column][\/vc_row]<\/p>\n<\/div>","protected":false},"excerpt":{"rendered":"<p>[vc_row][vc_column width=&#8220;2\/3&#8243;][vc_column_text css_animation=&#8220;fadeInLeft&#8220;] Was sind Strukturierte Produkte? Strukturierte Produkte sind moderne Anlageinstrumente, die sich durch ein hohes Ma\u00df an Flexibilit\u00e4t und Innovation auszeichnen. Strukturierte Produkte stellen<span class=\"excerpt-hellip\"> [\u2026]<\/span><\/p>\n","protected":false},"author":1,"featured_media":0,"parent":0,"menu_order":0,"comment_status":"closed","ping_status":"closed","template":"","meta":{"footnotes":""},"class_list":["post-167","page","type-page","status-publish","hentry"],"yoast_head":"<!-- This site is optimized with the Yoast SEO plugin v27.3 - https:\/\/yoast.com\/product\/yoast-seo-wordpress\/ -->\n<title>Strukturierte Produkte - Koenig Finance AG<\/title>\n<meta name=\"robots\" content=\"index, follow, max-snippet:-1, max-image-preview:large, max-video-preview:-1\" \/>\n<link rel=\"canonical\" href=\"https:\/\/koenigfinance.ch\/de\/strukturierte-produkte\/\" \/>\n<meta property=\"og:locale\" content=\"de_DE\" \/>\n<meta property=\"og:type\" content=\"article\" \/>\n<meta property=\"og:title\" content=\"Strukturierte Produkte - Koenig Finance AG\" \/>\n<meta property=\"og:description\" content=\"[vc_row][vc_column width=&#8220;2\/3&#8243;][vc_column_text css_animation=&#8220;fadeInLeft&#8220;] Was sind Strukturierte Produkte? Strukturierte Produkte sind moderne Anlageinstrumente, die sich durch ein hohes Ma\u00df an Flexibilit\u00e4t und Innovation auszeichnen. Strukturierte Produkte stellen [\u2026]\" \/>\n<meta property=\"og:url\" content=\"https:\/\/koenigfinance.ch\/de\/strukturierte-produkte\/\" \/>\n<meta property=\"og:site_name\" content=\"Koenig Finance AG\" \/>\n<meta property=\"article:modified_time\" content=\"2018-12-13T16:36:32+00:00\" \/>\n<meta name=\"twitter:card\" content=\"summary_large_image\" \/>\n<meta name=\"twitter:label1\" content=\"Gesch\u00e4tzte Lesezeit\" \/>\n\t<meta name=\"twitter:data1\" content=\"5\u00a0Minuten\" \/>\n<script type=\"application\/ld+json\" class=\"yoast-schema-graph\">{\"@context\":\"https:\\\/\\\/schema.org\",\"@graph\":[{\"@type\":\"WebPage\",\"@id\":\"https:\\\/\\\/koenigfinance.ch\\\/de\\\/strukturierte-produkte\\\/\",\"url\":\"https:\\\/\\\/koenigfinance.ch\\\/de\\\/strukturierte-produkte\\\/\",\"name\":\"Strukturierte Produkte - Koenig Finance AG\",\"isPartOf\":{\"@id\":\"https:\\\/\\\/koenigfinance.ch\\\/de\\\/#website\"},\"datePublished\":\"2018-12-10T17:33:56+00:00\",\"dateModified\":\"2018-12-13T16:36:32+00:00\",\"breadcrumb\":{\"@id\":\"https:\\\/\\\/koenigfinance.ch\\\/de\\\/strukturierte-produkte\\\/#breadcrumb\"},\"inLanguage\":\"de\",\"potentialAction\":[{\"@type\":\"ReadAction\",\"target\":[\"https:\\\/\\\/koenigfinance.ch\\\/de\\\/strukturierte-produkte\\\/\"]}]},{\"@type\":\"BreadcrumbList\",\"@id\":\"https:\\\/\\\/koenigfinance.ch\\\/de\\\/strukturierte-produkte\\\/#breadcrumb\",\"itemListElement\":[{\"@type\":\"ListItem\",\"position\":1,\"name\":\"Startseite\",\"item\":\"https:\\\/\\\/koenigfinance.ch\\\/\"},{\"@type\":\"ListItem\",\"position\":2,\"name\":\"Strukturierte Produkte\"}]},{\"@type\":\"WebSite\",\"@id\":\"https:\\\/\\\/koenigfinance.ch\\\/de\\\/#website\",\"url\":\"https:\\\/\\\/koenigfinance.ch\\\/de\\\/\",\"name\":\"Koenig Finance AG\",\"description\":\"Ihr Partner f\u00fcr innovative Finanzprodukte\",\"potentialAction\":[{\"@type\":\"SearchAction\",\"target\":{\"@type\":\"EntryPoint\",\"urlTemplate\":\"https:\\\/\\\/koenigfinance.ch\\\/de\\\/?s={search_term_string}\"},\"query-input\":{\"@type\":\"PropertyValueSpecification\",\"valueRequired\":true,\"valueName\":\"search_term_string\"}}],\"inLanguage\":\"de\"}]}<\/script>\n<!-- \/ Yoast SEO plugin. -->","yoast_head_json":{"title":"Strukturierte Produkte - Koenig Finance AG","robots":{"index":"index","follow":"follow","max-snippet":"max-snippet:-1","max-image-preview":"max-image-preview:large","max-video-preview":"max-video-preview:-1"},"canonical":"https:\/\/koenigfinance.ch\/de\/strukturierte-produkte\/","og_locale":"de_DE","og_type":"article","og_title":"Strukturierte Produkte - Koenig Finance AG","og_description":"[vc_row][vc_column width=&#8220;2\/3&#8243;][vc_column_text css_animation=&#8220;fadeInLeft&#8220;] Was sind Strukturierte Produkte? Strukturierte Produkte sind moderne Anlageinstrumente, die sich durch ein hohes Ma\u00df an Flexibilit\u00e4t und Innovation auszeichnen. Strukturierte Produkte stellen [\u2026]","og_url":"https:\/\/koenigfinance.ch\/de\/strukturierte-produkte\/","og_site_name":"Koenig Finance AG","article_modified_time":"2018-12-13T16:36:32+00:00","twitter_card":"summary_large_image","twitter_misc":{"Gesch\u00e4tzte Lesezeit":"5\u00a0Minuten"},"schema":{"@context":"https:\/\/schema.org","@graph":[{"@type":"WebPage","@id":"https:\/\/koenigfinance.ch\/de\/strukturierte-produkte\/","url":"https:\/\/koenigfinance.ch\/de\/strukturierte-produkte\/","name":"Strukturierte Produkte - Koenig Finance AG","isPartOf":{"@id":"https:\/\/koenigfinance.ch\/de\/#website"},"datePublished":"2018-12-10T17:33:56+00:00","dateModified":"2018-12-13T16:36:32+00:00","breadcrumb":{"@id":"https:\/\/koenigfinance.ch\/de\/strukturierte-produkte\/#breadcrumb"},"inLanguage":"de","potentialAction":[{"@type":"ReadAction","target":["https:\/\/koenigfinance.ch\/de\/strukturierte-produkte\/"]}]},{"@type":"BreadcrumbList","@id":"https:\/\/koenigfinance.ch\/de\/strukturierte-produkte\/#breadcrumb","itemListElement":[{"@type":"ListItem","position":1,"name":"Startseite","item":"https:\/\/koenigfinance.ch\/"},{"@type":"ListItem","position":2,"name":"Strukturierte Produkte"}]},{"@type":"WebSite","@id":"https:\/\/koenigfinance.ch\/de\/#website","url":"https:\/\/koenigfinance.ch\/de\/","name":"Koenig Finance AG","description":"Ihr Partner f\u00fcr innovative Finanzprodukte","potentialAction":[{"@type":"SearchAction","target":{"@type":"EntryPoint","urlTemplate":"https:\/\/koenigfinance.ch\/de\/?s={search_term_string}"},"query-input":{"@type":"PropertyValueSpecification","valueRequired":true,"valueName":"search_term_string"}}],"inLanguage":"de"}]}},"_links":{"self":[{"href":"https:\/\/koenigfinance.ch\/de\/wp-json\/wp\/v2\/pages\/167","targetHints":{"allow":["GET"]}}],"collection":[{"href":"https:\/\/koenigfinance.ch\/de\/wp-json\/wp\/v2\/pages"}],"about":[{"href":"https:\/\/koenigfinance.ch\/de\/wp-json\/wp\/v2\/types\/page"}],"author":[{"embeddable":true,"href":"https:\/\/koenigfinance.ch\/de\/wp-json\/wp\/v2\/users\/1"}],"replies":[{"embeddable":true,"href":"https:\/\/koenigfinance.ch\/de\/wp-json\/wp\/v2\/comments?post=167"}],"version-history":[{"count":11,"href":"https:\/\/koenigfinance.ch\/de\/wp-json\/wp\/v2\/pages\/167\/revisions"}],"predecessor-version":[{"id":200,"href":"https:\/\/koenigfinance.ch\/de\/wp-json\/wp\/v2\/pages\/167\/revisions\/200"}],"wp:attachment":[{"href":"https:\/\/koenigfinance.ch\/de\/wp-json\/wp\/v2\/media?parent=167"}],"curies":[{"name":"wp","href":"https:\/\/api.w.org\/{rel}","templated":true}]}}