{"id":113,"date":"2018-12-05T13:24:50","date_gmt":"2018-12-05T13:24:50","guid":{"rendered":"http:\/\/koenigfinance.ch\/?page_id=113"},"modified":"2023-07-20T15:22:00","modified_gmt":"2023-07-20T14:22:00","slug":"home","status":"publish","type":"page","link":"https:\/\/koenigfinance.ch\/de\/","title":{"rendered":"Home"},"content":{"rendered":"<div class=\"wpb-content-wrapper\"><p><\/p>\n<p>[vc_row][vc_column][vc_column_text]<\/p>\n<p>[\/vc_column_text][\/vc_column][\/vc_row][vc_row parallax=&#8220;content-moving&#8220; parallax_image=&#8220;95&#8243; css_animation=&#8220;bounceInUp&#8220; css=&#8220;.vc_custom_1544011613145{background-position: center;background-repeat: no-repeat !important;background-size: cover !important;}&#8220;][vc_column][vc_row_inner css=&#8220;.vc_custom_1544011852638{background-position: 0 0 !important;background-repeat: no-repeat !important;}&#8220;][vc_column_inner][vc_empty_space height=&#8220;70px&#8220;][\/vc_column_inner][\/vc_row_inner][vc_custom_heading text=&#8220;AM ENDE DES TAGES<br \/>\nZ\u00c4HLT NUR DER ERTRAG&#8220; font_container=&#8220;tag:h1|font_size:40|text_align:center|color:%23ffffff&#8220; use_theme_fonts=&#8220;yes&#8220; css_animation=&#8220;none&#8220;][vc_empty_space height=&#8220;300px&#8220;][\/vc_column][\/vc_row][vc_row][vc_column][vc_custom_heading text=&#8220;Strukturierte Produkte f\u00fcr professionelle Anleger<br \/>\nUnser Know-how von mehr als 30 Jahren&#8220; font_container=&#8220;tag:h1|font_size:30|text_align:center|color:%23545454&#8243; use_theme_fonts=&#8220;yes&#8220; css_animation=&#8220;fadeInUpBig&#8220;][vc_custom_heading text=&#8220;untermauert unsere fundierte Kompetenz im individuellen Produktdesign f\u00fcr unsere Kunden&#8220; font_container=&#8220;tag:h2|font_size:26|text_align:center|color:%23545454&#8243; use_theme_fonts=&#8220;yes&#8220; css_animation=&#8220;fadeInUpBig&#8220;][vc_empty_space height=&#8220;20px&#8220;][\/vc_column][\/vc_row][vc_section css=&#8220;.vc_custom_1544016768483{background-color: #666666 !important;}&#8220;][vc_row gap=&#8220;15&#8243;][vc_column width=&#8220;1\/4&#8243;][vc_single_image image=&#8220;103&#8243; img_size=&#8220;medium&#8220; alignment=&#8220;center&#8220; css_animation=&#8220;zoomIn&#8220;][\/vc_column][vc_column width=&#8220;3\/4&#8243;][vc_column_text css_animation=&#8220;zoomIn&#8220;]<span style=\"color: #ffffff;\">Koenig Finance AG wurde im April 2014 gegr\u00fcndet und ist ans\u00e4ssig in Steinhausen, ZG. F\u00fcr ihre Kunden entwickelt Koenig Finance AG als unabh\u00e4ngiger Finanzpartner massgeschneiderte, erstklassige Anlagel\u00f6sungen im Bereich strukturierter Produkte, die sich an den spezifischen Kundenbed\u00fcrfnissen orientieren. Unsere ausgewiesene Kompetenz und Erfahrung, sowie unsere profunden Marktkenntnisse erlauben uns in Kombination mit sehr schnellen Reaktionszeiten Anlagechancen fr\u00fchzeitig zu erkennen und gewinnbringend zu realisieren.<\/span><\/p>\n<p><span style=\"color: #ffffff;\">Auf der Grundlage der individuellen Anlagestrategie und Risikoparametern werden \u00fcber die Anlageklassen hinweg verschiedene Bausteine f\u00fcr die Zusammenstellung unserer strukturierten Portfolios verwendet. Kompetenz, Erfahrung, Effizienz und eine breite Palette von Anlageinstrumenten bilden die Basis f\u00fcr erfolgreiche Anlagestrategien innerhalb unserer strukturierten Produkte.<\/span><\/p>\n<p><span style=\"color: #ffffff;\">Die Koenig Finance AG als unabh\u00e4ngiges Kompetenzzentrum f\u00fcr Strukturierte Produkte bietet seine Dienstleistungen ausschlie\u00dflich professionellen Anlegern in der Schweiz an.<\/span>[\/vc_column_text][\/vc_column][\/vc_row][\/vc_section][vc_section parallax=&#8220;content-moving-fade&#8220; parallax_image=&#8220;138&#8243;][vc_row][vc_column width=&#8220;1\/4&#8243;][\/vc_column][vc_column width=&#8220;1\/4&#8243;][vc_single_image image=&#8220;105&#8243; img_size=&#8220;full&#8220; alignment=&#8220;center&#8220; css_animation=&#8220;fadeInLeft&#8220;][vc_column_text css_animation=&#8220;fadeInLeft&#8220;]<\/p>\n<h3>Umfangreiche Finanzinstrumente<\/h3>\n<p>Erfolgreiche Portfolios sollten immer unterschiedliche Assetklassen umfassen. Strukturierte Produkte sind dabei ideal und au\u00dferordentlich flexibel. Mit Hilfe Strukturierter Produkte ist es m\u00f6glich, eine auf den Anleger ma\u00dfgeschneiderte L\u00f6sung mit Hilfe einer individuellen Auswahl aus dem kaum \u00fcberschaubaren Angebot von Produkttypen zu w\u00e4hlen.<\/p>\n<p>Die Flexibilit\u00e4t Strukturierter Produkte erm\u00f6glicht eine angemessene Reaktionszeit auf unterschiedlichste Marktereignisse, die w\u00e4hrend der Laufzeit auftreten k\u00f6nnen. Kontrolle und das Risikomanagement k\u00f6nnen auch bei komplexen Portfolios jederzeit gew\u00e4hrleistet werden.[\/vc_column_text][\/vc_column][vc_column width=&#8220;1\/4&#8243;][vc_single_image image=&#8220;104&#8243; img_size=&#8220;full&#8220; alignment=&#8220;center&#8220; css_animation=&#8220;fadeInRight&#8220;][vc_column_text css_animation=&#8220;fadeInRight&#8220;]<\/p>\n<h3>Unabh\u00e4ngig von Marktszenarien<\/h3>\n<p>Die gro\u00dfe St\u00e4rke Strukturierter Produkte liegt darin, dass ein positiver Ertrag in jedem Marktszenario realisierbar ist. Die Auswahl ausschlie\u00dflich liquider Assetklassen macht das Management extrem flexibel und auf jeder Marktsituation adaptierbar. Eine Neutralit\u00e4t des Managements ist dabei unabdingbar, um die umfangreichen M\u00f6glichkeiten des Marktes ausnutzen zu k\u00f6nnen.<\/p>\n<p>Dieser entscheidende Vorteil Strukturierter Produkte sichert ihnen seit mehr als 20 Jahren einen festen Platz in der modernen Verm\u00f6gensverwaltung. Entscheidend f\u00fcr den Erfolgt sind die Kompetenz, die Analyse, die Erfahrung und vor Allem die Reaktionszeit des Managements bei pl\u00f6tzlichen Ver\u00e4nderungen der Marktsituation.[\/vc_column_text][\/vc_column][vc_column width=&#8220;1\/4&#8243;][\/vc_column][\/vc_row][\/vc_section][vc_row css=&#8220;.vc_custom_1544018288274{background-color: #efefef !important;}&#8220;][vc_column][vc_custom_heading text=&#8220;Unsere Prinzipien&#8220; font_container=&#8220;tag:h1|font_size:40|text_align:center|color:%233d3d3d&#8220; use_theme_fonts=&#8220;yes&#8220; css_animation=&#8220;fadeInUp&#8220;][\/vc_column][\/vc_row][vc_section css=&#8220;.vc_custom_1544018299429{background-color: #efefef !important;}&#8220;][vc_row][vc_column width=&#8220;1\/5&#8243;][\/vc_column][vc_column width=&#8220;1\/5&#8243;][vc_single_image image=&#8220;155&#8243; img_size=&#8220;full&#8220; alignment=&#8220;center&#8220; css_animation=&#8220;fadeInLeft&#8220;][vc_column_text css_animation=&#8220;fadeInLeft&#8220;]<\/p>\n<h3>Neutraler Partner<\/h3>\n<p>Unabh\u00e4ngige Analyse, Bewertung und Auswahl komplexer Finanzprodukte.[\/vc_column_text][vc_empty_space height=&#8220;16px&#8220;][\/vc_column][vc_column width=&#8220;1\/5&#8243;][vc_single_image image=&#8220;154&#8243; img_size=&#8220;full&#8220; alignment=&#8220;center&#8220; css_animation=&#8220;fadeInUp&#8220;][vc_column_text css_animation=&#8220;fadeInUp&#8220;]<\/p>\n<h3>Sicherheit<\/h3>\n<p>Verfolgung einer umfangreichen Absicherungsstrategie.[\/vc_column_text][vc_empty_space height=&#8220;16px&#8220;][\/vc_column][vc_column width=&#8220;1\/5&#8243;][vc_single_image image=&#8220;153&#8243; img_size=&#8220;full&#8220; alignment=&#8220;center&#8220; css_animation=&#8220;fadeInRight&#8220;][vc_column_text css_animation=&#8220;fadeInRight&#8220;]<\/p>\n<h3>Ertragsoptimierung<\/h3>\n<p>Konsequente Ertragsrealisierung basierend auf permanente Marktanalyse.[\/vc_column_text][vc_empty_space height=&#8220;16px&#8220;][\/vc_column][vc_column width=&#8220;1\/5&#8243;][\/vc_column][\/vc_row][\/vc_section][vc_section css=&#8220;.vc_custom_1544018703828{background-color: #ffffff !important;}&#8220;][vc_row][vc_column width=&#8220;1\/5&#8243;][\/vc_column][vc_column width=&#8220;1\/5&#8243;][vc_column_text css_animation=&#8220;fadeInLeft&#8220;]<\/p>\n<h2 style=\"text-align: center;\">Mitgliedschaft:<\/h2>\n<p>[\/vc_column_text][\/vc_column][vc_column width=&#8220;1\/5&#8243;][vc_column_text css_animation=&#8220;fadeInRight&#8220;]<a href=\"http:\/\/www.vqf.ch\/\" target=\"_blank\" rel=\"noopener noreferrer\"><img loading=\"lazy\" decoding=\"async\" class=\"alignnone wp-image-81 size-medium\" src=\"http:\/\/koenigfinance.ch\/wp-content\/uploads\/2018\/11\/Logo-VQFVerein_RGB_HE-300x52.png\" alt=\"\" width=\"300\" height=\"52\" srcset=\"https:\/\/koenigfinance.ch\/wp-content\/uploads\/2018\/11\/Logo-VQFVerein_RGB_HE-300x52.png 300w, https:\/\/koenigfinance.ch\/wp-content\/uploads\/2018\/11\/Logo-VQFVerein_RGB_HE-768x132.png 768w, https:\/\/koenigfinance.ch\/wp-content\/uploads\/2018\/11\/Logo-VQFVerein_RGB_HE-1024x177.png 1024w, https:\/\/koenigfinance.ch\/wp-content\/uploads\/2018\/11\/Logo-VQFVerein_RGB_HE-830x143.png 830w, https:\/\/koenigfinance.ch\/wp-content\/uploads\/2018\/11\/Logo-VQFVerein_RGB_HE-230x40.png 230w, https:\/\/koenigfinance.ch\/wp-content\/uploads\/2018\/11\/Logo-VQFVerein_RGB_HE-350x60.png 350w, https:\/\/koenigfinance.ch\/wp-content\/uploads\/2018\/11\/Logo-VQFVerein_RGB_HE-480x83.png 480w, https:\/\/koenigfinance.ch\/wp-content\/uploads\/2018\/11\/Logo-VQFVerein_RGB_HE.png 1473w\" sizes=\"auto, (max-width:767px) 300px, 300px\" \/><\/a>[\/vc_column_text][\/vc_column][vc_column width=&#8220;1\/5&#8243;][vc_single_image image=&#8220;427&#8243; onclick=&#8220;link_image&#8220; css_animation=&#8220;fadeInRight&#8220;][\/vc_column][vc_column width=&#8220;1\/5&#8243;][\/vc_column][\/vc_row][\/vc_section][vc_row css=&#8220;.vc_custom_1544019253579{background-color: #ffffff !important;}&#8220;][vc_column width=&#8220;1\/5&#8243;][\/vc_column][vc_column width=&#8220;1\/5&#8243;][\/vc_column][vc_column width=&#8220;1\/5&#8243;][vc_btn title=&#8220;Kontaktaufnahme&#8220; size=&#8220;lg&#8220; link=&#8220;url:http%3A%2F%2Fkoenigfinance.ch%2Fkontakt%2F|||&#8220;][\/vc_column][vc_column width=&#8220;1\/5&#8243;][\/vc_column][vc_column width=&#8220;1\/5&#8243;][\/vc_column][\/vc_row][vc_row][vc_column][vc_column_text]<\/p>\n<p>[\/vc_column_text][\/vc_column][\/vc_row]<\/p>\n<p><\/p>\n<\/div>","protected":false},"excerpt":{"rendered":"<p>[vc_row][vc_column][vc_column_text] [\/vc_column_text][\/vc_column][\/vc_row][vc_row parallax=&#8220;content-moving&#8220; parallax_image=&#8220;95&#8243; css_animation=&#8220;bounceInUp&#8220; css=&#8220;.vc_custom_1544011613145{background-position: center;background-repeat: no-repeat !important;background-size: cover !important;}&#8220;][vc_column][vc_row_inner css=&#8220;.vc_custom_1544011852638{background-position: 0 0 !important;background-repeat: no-repeat !important;}&#8220;][vc_column_inner][vc_empty_space height=&#8220;70px&#8220;][\/vc_column_inner][\/vc_row_inner][vc_custom_heading text=&#8220;AM ENDE DES TAGES Z\u00c4HLT NUR DER ERTRAG&#8220;<span class=\"excerpt-hellip\"> [\u2026]<\/span><\/p>\n","protected":false},"author":1,"featured_media":0,"parent":0,"menu_order":0,"comment_status":"closed","ping_status":"closed","template":"","meta":{"footnotes":""},"class_list":["post-113","page","type-page","status-publish","hentry"],"yoast_head":"<!-- This site is optimized with the Yoast SEO plugin v27.3 - https:\/\/yoast.com\/product\/yoast-seo-wordpress\/ -->\n<title>Home - Koenig Finance AG<\/title>\n<meta name=\"robots\" content=\"index, follow, max-snippet:-1, max-image-preview:large, max-video-preview:-1\" \/>\n<link rel=\"canonical\" href=\"https:\/\/koenigfinance.ch\/\" \/>\n<meta property=\"og:locale\" content=\"de_DE\" \/>\n<meta property=\"og:type\" content=\"article\" \/>\n<meta property=\"og:title\" content=\"Home - Koenig Finance AG\" \/>\n<meta property=\"og:description\" content=\"[vc_row][vc_column][vc_column_text] [\/vc_column_text][\/vc_column][\/vc_row][vc_row parallax=&#8220;content-moving&#8220; parallax_image=&#8220;95&#8243; css_animation=&#8220;bounceInUp&#8220; css=&#8220;.vc_custom_1544011613145{background-position: center;background-repeat: no-repeat !important;background-size: cover !important;}&#8220;][vc_column][vc_row_inner css=&#8220;.vc_custom_1544011852638{background-position: 0 0 !important;background-repeat: no-repeat !important;}&#8220;][vc_column_inner][vc_empty_space height=&#8220;70px&#8220;][\/vc_column_inner][\/vc_row_inner][vc_custom_heading text=&#8220;AM ENDE DES TAGES Z\u00c4HLT NUR DER ERTRAG&#8220; [\u2026]\" \/>\n<meta property=\"og:url\" content=\"https:\/\/koenigfinance.ch\/\" \/>\n<meta property=\"og:site_name\" content=\"Koenig Finance AG\" \/>\n<meta property=\"article:modified_time\" content=\"2023-07-20T14:22:00+00:00\" \/>\n<meta property=\"og:image\" content=\"http:\/\/koenigfinance.ch\/wp-content\/uploads\/2018\/11\/Logo-VQFVerein_RGB_HE-300x52.png\" \/>\n<meta name=\"twitter:card\" content=\"summary_large_image\" \/>\n<meta name=\"twitter:label1\" content=\"Gesch\u00e4tzte Lesezeit\" \/>\n\t<meta name=\"twitter:data1\" content=\"9\u00a0Minuten\" \/>\n<script type=\"application\/ld+json\" class=\"yoast-schema-graph\">{\"@context\":\"https:\\\/\\\/schema.org\",\"@graph\":[{\"@type\":\"WebPage\",\"@id\":\"https:\\\/\\\/koenigfinance.ch\\\/\",\"url\":\"https:\\\/\\\/koenigfinance.ch\\\/\",\"name\":\"Home - Koenig Finance AG\",\"isPartOf\":{\"@id\":\"https:\\\/\\\/koenigfinance.ch\\\/de\\\/#website\"},\"primaryImageOfPage\":{\"@id\":\"https:\\\/\\\/koenigfinance.ch\\\/#primaryimage\"},\"image\":{\"@id\":\"https:\\\/\\\/koenigfinance.ch\\\/#primaryimage\"},\"thumbnailUrl\":\"http:\\\/\\\/koenigfinance.ch\\\/wp-content\\\/uploads\\\/2018\\\/11\\\/Logo-VQFVerein_RGB_HE-300x52.png\",\"datePublished\":\"2018-12-05T13:24:50+00:00\",\"dateModified\":\"2023-07-20T14:22:00+00:00\",\"breadcrumb\":{\"@id\":\"https:\\\/\\\/koenigfinance.ch\\\/#breadcrumb\"},\"inLanguage\":\"de\",\"potentialAction\":[{\"@type\":\"ReadAction\",\"target\":[\"https:\\\/\\\/koenigfinance.ch\\\/\"]}]},{\"@type\":\"ImageObject\",\"inLanguage\":\"de\",\"@id\":\"https:\\\/\\\/koenigfinance.ch\\\/#primaryimage\",\"url\":\"http:\\\/\\\/koenigfinance.ch\\\/wp-content\\\/uploads\\\/2018\\\/11\\\/Logo-VQFVerein_RGB_HE-300x52.png\",\"contentUrl\":\"http:\\\/\\\/koenigfinance.ch\\\/wp-content\\\/uploads\\\/2018\\\/11\\\/Logo-VQFVerein_RGB_HE-300x52.png\"},{\"@type\":\"BreadcrumbList\",\"@id\":\"https:\\\/\\\/koenigfinance.ch\\\/#breadcrumb\",\"itemListElement\":[{\"@type\":\"ListItem\",\"position\":1,\"name\":\"Startseite\",\"item\":\"https:\\\/\\\/koenigfinance.ch\\\/\"},{\"@type\":\"ListItem\",\"position\":2,\"name\":\"Home\"}]},{\"@type\":\"WebSite\",\"@id\":\"https:\\\/\\\/koenigfinance.ch\\\/de\\\/#website\",\"url\":\"https:\\\/\\\/koenigfinance.ch\\\/de\\\/\",\"name\":\"Koenig Finance AG\",\"description\":\"Ihr Partner f\u00fcr innovative Finanzprodukte\",\"potentialAction\":[{\"@type\":\"SearchAction\",\"target\":{\"@type\":\"EntryPoint\",\"urlTemplate\":\"https:\\\/\\\/koenigfinance.ch\\\/de\\\/?s={search_term_string}\"},\"query-input\":{\"@type\":\"PropertyValueSpecification\",\"valueRequired\":true,\"valueName\":\"search_term_string\"}}],\"inLanguage\":\"de\"}]}<\/script>\n<!-- \/ Yoast SEO plugin. -->","yoast_head_json":{"title":"Home - Koenig Finance AG","robots":{"index":"index","follow":"follow","max-snippet":"max-snippet:-1","max-image-preview":"max-image-preview:large","max-video-preview":"max-video-preview:-1"},"canonical":"https:\/\/koenigfinance.ch\/","og_locale":"de_DE","og_type":"article","og_title":"Home - Koenig Finance AG","og_description":"[vc_row][vc_column][vc_column_text] [\/vc_column_text][\/vc_column][\/vc_row][vc_row parallax=&#8220;content-moving&#8220; parallax_image=&#8220;95&#8243; css_animation=&#8220;bounceInUp&#8220; css=&#8220;.vc_custom_1544011613145{background-position: center;background-repeat: no-repeat !important;background-size: cover !important;}&#8220;][vc_column][vc_row_inner css=&#8220;.vc_custom_1544011852638{background-position: 0 0 !important;background-repeat: no-repeat !important;}&#8220;][vc_column_inner][vc_empty_space height=&#8220;70px&#8220;][\/vc_column_inner][\/vc_row_inner][vc_custom_heading text=&#8220;AM ENDE DES TAGES Z\u00c4HLT NUR DER ERTRAG&#8220; [\u2026]","og_url":"https:\/\/koenigfinance.ch\/","og_site_name":"Koenig Finance AG","article_modified_time":"2023-07-20T14:22:00+00:00","og_image":[{"url":"http:\/\/koenigfinance.ch\/wp-content\/uploads\/2018\/11\/Logo-VQFVerein_RGB_HE-300x52.png","type":"","width":"","height":""}],"twitter_card":"summary_large_image","twitter_misc":{"Gesch\u00e4tzte Lesezeit":"9\u00a0Minuten"},"schema":{"@context":"https:\/\/schema.org","@graph":[{"@type":"WebPage","@id":"https:\/\/koenigfinance.ch\/","url":"https:\/\/koenigfinance.ch\/","name":"Home - Koenig Finance AG","isPartOf":{"@id":"https:\/\/koenigfinance.ch\/de\/#website"},"primaryImageOfPage":{"@id":"https:\/\/koenigfinance.ch\/#primaryimage"},"image":{"@id":"https:\/\/koenigfinance.ch\/#primaryimage"},"thumbnailUrl":"http:\/\/koenigfinance.ch\/wp-content\/uploads\/2018\/11\/Logo-VQFVerein_RGB_HE-300x52.png","datePublished":"2018-12-05T13:24:50+00:00","dateModified":"2023-07-20T14:22:00+00:00","breadcrumb":{"@id":"https:\/\/koenigfinance.ch\/#breadcrumb"},"inLanguage":"de","potentialAction":[{"@type":"ReadAction","target":["https:\/\/koenigfinance.ch\/"]}]},{"@type":"ImageObject","inLanguage":"de","@id":"https:\/\/koenigfinance.ch\/#primaryimage","url":"http:\/\/koenigfinance.ch\/wp-content\/uploads\/2018\/11\/Logo-VQFVerein_RGB_HE-300x52.png","contentUrl":"http:\/\/koenigfinance.ch\/wp-content\/uploads\/2018\/11\/Logo-VQFVerein_RGB_HE-300x52.png"},{"@type":"BreadcrumbList","@id":"https:\/\/koenigfinance.ch\/#breadcrumb","itemListElement":[{"@type":"ListItem","position":1,"name":"Startseite","item":"https:\/\/koenigfinance.ch\/"},{"@type":"ListItem","position":2,"name":"Home"}]},{"@type":"WebSite","@id":"https:\/\/koenigfinance.ch\/de\/#website","url":"https:\/\/koenigfinance.ch\/de\/","name":"Koenig Finance AG","description":"Ihr Partner f\u00fcr innovative Finanzprodukte","potentialAction":[{"@type":"SearchAction","target":{"@type":"EntryPoint","urlTemplate":"https:\/\/koenigfinance.ch\/de\/?s={search_term_string}"},"query-input":{"@type":"PropertyValueSpecification","valueRequired":true,"valueName":"search_term_string"}}],"inLanguage":"de"}]}},"_links":{"self":[{"href":"https:\/\/koenigfinance.ch\/de\/wp-json\/wp\/v2\/pages\/113","targetHints":{"allow":["GET"]}}],"collection":[{"href":"https:\/\/koenigfinance.ch\/de\/wp-json\/wp\/v2\/pages"}],"about":[{"href":"https:\/\/koenigfinance.ch\/de\/wp-json\/wp\/v2\/types\/page"}],"author":[{"embeddable":true,"href":"https:\/\/koenigfinance.ch\/de\/wp-json\/wp\/v2\/users\/1"}],"replies":[{"embeddable":true,"href":"https:\/\/koenigfinance.ch\/de\/wp-json\/wp\/v2\/comments?post=113"}],"version-history":[{"count":65,"href":"https:\/\/koenigfinance.ch\/de\/wp-json\/wp\/v2\/pages\/113\/revisions"}],"predecessor-version":[{"id":439,"href":"https:\/\/koenigfinance.ch\/de\/wp-json\/wp\/v2\/pages\/113\/revisions\/439"}],"wp:attachment":[{"href":"https:\/\/koenigfinance.ch\/de\/wp-json\/wp\/v2\/media?parent=113"}],"curies":[{"name":"wp","href":"https:\/\/api.w.org\/{rel}","templated":true}]}}